{"id":319,"date":"2019-11-09T21:18:01","date_gmt":"2019-11-09T20:18:01","guid":{"rendered":"http:\/\/sundefusser.nu\/?page_id=319"},"modified":"2019-11-09T21:18:01","modified_gmt":"2019-11-09T20:18:01","slug":"fodterapeutens-arbejde","status":"publish","type":"page","link":"https:\/\/sundefusser.nu\/?page_id=319","title":{"rendered":"Fodterapeutens arbejde"},"content":{"rendered":"\n<h3>FODBEHANDLINGER FOREBYGGER FODPROBLEMER VED AT FORHINDRE DEM I AT OPST\u00c5 ELLER TAGE DEM I OPL\u00d8BET.<\/h3>\n\n\n\n<p>Hud- og negleproblemer, der besk\u00e6res professionelt, er fx l\u00e6ngere tid om at blive gendannet, end hvis det er fjernet ved hj\u00e6lp af andre metoder.<\/p>\n\n\n\n<p>Behandling af vorter og ligtorne&nbsp;hos fodterapeuten vil ligeledes forhindre, at patienten fejlbehandler sig selv med vortemidler og ligtorneplastre med risiko for at \u00e6tse huden omkring hudproblemet.<\/p>\n\n\n\n<p>Indl\u00e6g er med til at forebygge, at fejlstillinger i f\u00f8dderne forplanter sig til smerter i andre dele af kroppen. Fodterapeuten spiller ogs\u00e5 en v\u00e6sentlig rolle i opdagelsen af andre sygdomme, fordi f\u00f8dderne kan vise tegn p\u00e5 sygdomme. Derfor er fodterapeuter ofte i tv\u00e6rfaglig interaktion med andre sundhedsprofessionelle. I nogle kommuner agerer fodterapeuter faglige sparringspartnere i forbindelse med borgernes behov for fodterapi.<\/p>\n\n\n\n<p>F\u00f8rste skridt i en fodbehandling er en klinisk unders\u00f8gelse af foden, hvor fodterapeuten etablerer et billede af fodens hud- og negleproblemer, funktionsniveau, eventuelle fejlstillinger og patienten sygehistorie. Det indeb\u00e6rer en fodanalyse og en dialog om fodsmerter eller smerter i resten af kroppen. Alt noteres i journalen.<\/p>\n\n\n\n<p>Hvis patienten har smerter, kan fodterapeuten anbefale en forunders\u00f8gelse til indl\u00e6g, som indeb\u00e6rer en dynamisk ganganalyse, hvor patientens gangfunktion vurderes ud fra et biomekanisk perspektiv.<\/p>\n\n\n\n<p>Hudproblemer s\u00e5som h\u00e5rd hud, h\u00e6lrevner og ligtorne&nbsp;besk\u00e6res med stor pr\u00e6cision med en skalpel eller en elektrisk besk\u00e6rer. Samtidig unders\u00f8ger fodterapeuten den bagvedliggende \u00e5rsag til problemer, da de skal forebygges for ikke at genopst\u00e5. Det sker blandt andet ved at vejlede patienten i valg af mere fodvenligt fodt\u00f8j, brug af aflastende indl\u00e6g og bedre fodpleje.<\/p>\n\n\n\n<p>Negleproblemer behandles&nbsp;ved at slibe, klippe og rense neglene i falsene. Behandlingen sluttes af med fodcreme, der bevarer hudens fugtighed og forebygger h\u00e5rd hud.<\/p>\n\n\n\n<p>En fodbehandling tager cirka 45 minutter&nbsp;og i den tid kan fodterapeuten have en god dialog med patienten, om f\u00f8dder, smerter, sygdomme og daglige rutiner. Tiden bruger fodterapeuten ogs\u00e5 til at vejlede patienten i, hvordan f\u00f8dderne skal plejes dagligt, hvad patienten skal holde \u00f8je med og hvilke sko, som kan forbedre patientens fodsundhed. &nbsp;<\/p>\n\n\n\n<p>Patienten vejledes&nbsp;ogs\u00e5 i henhold til sygdomsrelaterede fodproblemer s\u00e5som diabetes, gigt eller psoriasis som kr\u00e6ver en s\u00e6rlig form for opm\u00e6rksomhed og pleje. \u00d8demer, nedsat kredsl\u00f8b eller bet\u00e6ndelsestilstande er fx ogs\u00e5 faktorer, der p\u00e5virker f\u00f8dderne negativt. Kompressionsstr\u00f8mper, gode r\u00e5d, indl\u00e6g og laserterapi er nogle af de redskaber, fodterapeuten behandler med.<\/p>\n\n\n\n<p>Endelig kan fodterapeuten udstyre patienten med fod\u00f8velser, som kan g\u00f8re f\u00f8dderne mere smidige, afhj\u00e6lpe fodsmerter, hvilket kan v\u00e6re et supplement til indl\u00e6g.<\/p>\n","protected":false},"excerpt":{"rendered":"<p>FODBEHANDLINGER FOREBYGGER FODPROBLEMER VED AT FORHINDRE DEM I AT OPST\u00c5 ELLER TAGE DEM I OPL\u00d8BET. Hud- og negleproblemer, der besk\u00e6res &hellip; <\/p>\n<p><a href=\"https:\/\/sundefusser.nu\/?page_id=319\" class=\"more-link\">Read More<\/a><\/p>\n","protected":false},"author":1,"featured_media":0,"parent":0,"menu_order":0,"comment_status":"closed","ping_status":"closed","template":"","meta":[],"_links":{"self":[{"href":"https:\/\/sundefusser.nu\/index.php?rest_route=\/wp\/v2\/pages\/319"}],"collection":[{"href":"https:\/\/sundefusser.nu\/index.php?rest_route=\/wp\/v2\/pages"}],"about":[{"href":"https:\/\/sundefusser.nu\/index.php?rest_route=\/wp\/v2\/types\/page"}],"author":[{"embeddable":true,"href":"https:\/\/sundefusser.nu\/index.php?rest_route=\/wp\/v2\/users\/1"}],"replies":[{"embeddable":true,"href":"https:\/\/sundefusser.nu\/index.php?rest_route=%2Fwp%2Fv2%2Fcomments&post=319"}],"version-history":[{"count":1,"href":"https:\/\/sundefusser.nu\/index.php?rest_route=\/wp\/v2\/pages\/319\/revisions"}],"predecessor-version":[{"id":320,"href":"https:\/\/sundefusser.nu\/index.php?rest_route=\/wp\/v2\/pages\/319\/revisions\/320"}],"wp:attachment":[{"href":"https:\/\/sundefusser.nu\/index.php?rest_route=%2Fwp%2Fv2%2Fmedia&parent=319"}],"curies":[{"name":"wp","href":"https:\/\/api.w.org\/{rel}","templated":true}]}}